{"id":13700,"date":"2024-05-11T00:18:36","date_gmt":"2024-05-10T22:18:36","guid":{"rendered":"https:\/\/griera.es?post_type=product&#038;p=13700"},"modified":"2024-06-14T17:41:54","modified_gmt":"2024-06-14T15:41:54","slug":"mousse-pore-0-bout-plat-avec-monture","status":"publish","type":"product","link":"https:\/\/griera.es\/fr\/producto\/mousse-pore-0-bout-plat-avec-monture\/","title":{"rendered":"MINI ROULEAU EN MOUSSE 0 PORE BORD PLAT AVEC TIGE"},"content":{"rendered":"<p class=\"p1\">Mousse de polyur\u00e9thane blanche, 0 pore. Poign\u00e9e en polypropyl\u00e8ne. Tige en acier galvanis\u00e9 de 6 mm de diam\u00e8tre.<br \/>\n<strong>Applications : <\/strong>peinture et laquage. Surfaces r\u00e9duites ou difficiles d&rsquo;acc\u00e8s. Tringle int\u00e9gr\u00e9e.<\/p>\n<p><img loading=\"lazy\" decoding=\"async\" class=\"alignnone size-full wp-image-30189\" src=\"https:\/\/griera.es\/wp-content\/uploads\/2024\/05\/rodillo-solo-cm.jpg\" alt=\"\" width=\"53\" height=\"51\"><\/p>\n","protected":false},"excerpt":{"rendered":"<p>Mousse de polyur\u00e9thane blanche, 0 pore. Poign\u00e9e en polypropyl\u00e8ne. Tige en acier galvanis\u00e9 de 6 mm de diam\u00e8tre. Applications :<\/p>\n","protected":false},"featured_media":6236,"template":"","meta":[],"product_brand":[],"product_cat":[222,226],"product_tag":[],"class_list":{"0":"post-13700","1":"product","2":"type-product","3":"status-publish","4":"has-post-thumbnail","6":"product_cat-rouleaux-et-rechanges","7":"product_cat-rechange-rouleaux","9":"first","10":"instock","11":"shipping-taxable","12":"purchasable","13":"product-type-variable"},"_links":{"self":[{"href":"https:\/\/griera.es\/fr\/wp-json\/wp\/v2\/product\/13700","targetHints":{"allow":["GET"]}}],"collection":[{"href":"https:\/\/griera.es\/fr\/wp-json\/wp\/v2\/product"}],"about":[{"href":"https:\/\/griera.es\/fr\/wp-json\/wp\/v2\/types\/product"}],"version-history":[{"count":1,"href":"https:\/\/griera.es\/fr\/wp-json\/wp\/v2\/product\/13700\/revisions"}],"predecessor-version":[{"id":30787,"href":"https:\/\/griera.es\/fr\/wp-json\/wp\/v2\/product\/13700\/revisions\/30787"}],"wp:featuredmedia":[{"embeddable":true,"href":"https:\/\/griera.es\/fr\/wp-json\/wp\/v2\/media\/6236"}],"wp:attachment":[{"href":"https:\/\/griera.es\/fr\/wp-json\/wp\/v2\/media?parent=13700"}],"wp:term":[{"taxonomy":"product_brand","embeddable":true,"href":"https:\/\/griera.es\/fr\/wp-json\/wp\/v2\/product_brand?post=13700"},{"taxonomy":"product_cat","embeddable":true,"href":"https:\/\/griera.es\/fr\/wp-json\/wp\/v2\/product_cat?post=13700"},{"taxonomy":"product_tag","embeddable":true,"href":"https:\/\/griera.es\/fr\/wp-json\/wp\/v2\/product_tag?post=13700"}],"curies":[{"name":"wp","href":"https:\/\/api.w.org\/{rel}","templated":true}]}}