{"id":13666,"date":"2024-05-11T00:18:31","date_gmt":"2024-05-10T22:18:31","guid":{"rendered":"https:\/\/griera.es?post_type=product&#038;p=13666"},"modified":"2024-09-29T13:27:33","modified_gmt":"2024-09-29T11:27:33","slug":"microfibre","status":"publish","type":"product","link":"https:\/\/griera.es\/fr\/producto\/microfibre\/","title":{"rendered":"MICROFIBRE &#8211; MURS ET PLAFONDS"},"content":{"rendered":"<p>Tissu de microfibre 100% blanc.<br \/>\nManche bi-mati\u00e8re. Monture\u00a0 \u00d8 7 mm. de diam\u00e8tre.<br \/>\n<strong>Utilisations:<\/strong> peintures \u00e0 base d&rsquo;eau. Surfaces tr\u00e8s plates, grande capacit\u00e9 d&rsquo;absorption.<\/p>\n<p><img loading=\"lazy\" decoding=\"async\" class=\"alignnone size-full wp-image-30008\" src=\"https:\/\/griera.es\/wp-content\/uploads\/2024\/05\/solo-diametro-atributos.png\" alt=\"\" width=\"67\" height=\"47\"> <img loading=\"lazy\" decoding=\"async\" class=\"alignnone wp-image-30146\" src=\"https:\/\/griera.es\/wp-content\/uploads\/2024\/05\/rodillo-cm-ok.jpg\" alt=\"\" width=\"45\" height=\"58\"><\/p>\n","protected":false},"excerpt":{"rendered":"<p>Tissu de microfibre 100% blanc. Manche bi-mati\u00e8re. Monture\u00a0 \u00d8 7 mm. de diam\u00e8tre. Utilisations: peintures \u00e0 base d&rsquo;eau. Surfaces tr\u00e8s<\/p>\n","protected":false},"featured_media":6157,"template":"","meta":[],"product_brand":[],"product_cat":[222,217],"product_tag":[],"class_list":{"0":"post-13666","1":"product","2":"type-product","3":"status-publish","4":"has-post-thumbnail","6":"product_cat-rouleaux-et-rechanges","7":"product_cat-rouleaux","9":"first","10":"instock","11":"shipping-taxable","12":"purchasable","13":"product-type-variable"},"_links":{"self":[{"href":"https:\/\/griera.es\/fr\/wp-json\/wp\/v2\/product\/13666","targetHints":{"allow":["GET"]}}],"collection":[{"href":"https:\/\/griera.es\/fr\/wp-json\/wp\/v2\/product"}],"about":[{"href":"https:\/\/griera.es\/fr\/wp-json\/wp\/v2\/types\/product"}],"version-history":[{"count":4,"href":"https:\/\/griera.es\/fr\/wp-json\/wp\/v2\/product\/13666\/revisions"}],"predecessor-version":[{"id":32715,"href":"https:\/\/griera.es\/fr\/wp-json\/wp\/v2\/product\/13666\/revisions\/32715"}],"wp:featuredmedia":[{"embeddable":true,"href":"https:\/\/griera.es\/fr\/wp-json\/wp\/v2\/media\/6157"}],"wp:attachment":[{"href":"https:\/\/griera.es\/fr\/wp-json\/wp\/v2\/media?parent=13666"}],"wp:term":[{"taxonomy":"product_brand","embeddable":true,"href":"https:\/\/griera.es\/fr\/wp-json\/wp\/v2\/product_brand?post=13666"},{"taxonomy":"product_cat","embeddable":true,"href":"https:\/\/griera.es\/fr\/wp-json\/wp\/v2\/product_cat?post=13666"},{"taxonomy":"product_tag","embeddable":true,"href":"https:\/\/griera.es\/fr\/wp-json\/wp\/v2\/product_tag?post=13666"}],"curies":[{"name":"wp","href":"https:\/\/api.w.org\/{rel}","templated":true}]}}