{"id":13654,"date":"2024-05-11T00:18:30","date_gmt":"2024-05-10T22:18:30","guid":{"rendered":"https:\/\/griera.es?post_type=product&#038;p=13654"},"modified":"2024-09-29T13:00:30","modified_gmt":"2024-09-29T11:00:30","slug":"mouton-naturelle","status":"publish","type":"product","link":"https:\/\/griera.es\/fr\/producto\/mouton-naturelle\/","title":{"rendered":"MOUTON NATURELLE"},"content":{"rendered":"<p>Laine de mouton\u00a0naturelle.<br \/>\nManche polypropyl\u00e8ne. Monture de \u00d8 7 mm de diam\u00e8tre.<br \/>\n<strong>Utilisation:<\/strong> peintures \u00e0 base d\u2019eau. Surfaces plates et rugueuses.<\/p>\n<p><img loading=\"lazy\" decoding=\"async\" class=\"alignnone size-full wp-image-30008\" src=\"https:\/\/griera.es\/wp-content\/uploads\/2024\/05\/solo-diametro-atributos.png\" alt=\"\" width=\"67\" height=\"47\"> <img loading=\"lazy\" decoding=\"async\" class=\"alignnone wp-image-30146\" src=\"https:\/\/griera.es\/wp-content\/uploads\/2024\/05\/rodillo-cm-ok.jpg\" alt=\"\" width=\"46\" height=\"59\"><\/p>\n","protected":false},"excerpt":{"rendered":"<p>Laine de mouton\u00a0naturelle. Manche polypropyl\u00e8ne. Monture de \u00d8 7 mm de diam\u00e8tre. Utilisation: peintures \u00e0 base d\u2019eau. Surfaces plates et<\/p>\n","protected":false},"featured_media":6130,"template":"","meta":[],"product_brand":[],"product_cat":[222,217],"product_tag":[434,435],"class_list":{"0":"post-13654","1":"product","2":"type-product","3":"status-publish","4":"has-post-thumbnail","6":"product_cat-rouleaux-et-rechanges","7":"product_cat-rouleaux","8":"product_tag-laine","9":"product_tag-rouleau","11":"first","12":"instock","13":"shipping-taxable","14":"purchasable","15":"product-type-variable"},"_links":{"self":[{"href":"https:\/\/griera.es\/fr\/wp-json\/wp\/v2\/product\/13654","targetHints":{"allow":["GET"]}}],"collection":[{"href":"https:\/\/griera.es\/fr\/wp-json\/wp\/v2\/product"}],"about":[{"href":"https:\/\/griera.es\/fr\/wp-json\/wp\/v2\/types\/product"}],"version-history":[{"count":5,"href":"https:\/\/griera.es\/fr\/wp-json\/wp\/v2\/product\/13654\/revisions"}],"predecessor-version":[{"id":32686,"href":"https:\/\/griera.es\/fr\/wp-json\/wp\/v2\/product\/13654\/revisions\/32686"}],"wp:featuredmedia":[{"embeddable":true,"href":"https:\/\/griera.es\/fr\/wp-json\/wp\/v2\/media\/6130"}],"wp:attachment":[{"href":"https:\/\/griera.es\/fr\/wp-json\/wp\/v2\/media?parent=13654"}],"wp:term":[{"taxonomy":"product_brand","embeddable":true,"href":"https:\/\/griera.es\/fr\/wp-json\/wp\/v2\/product_brand?post=13654"},{"taxonomy":"product_cat","embeddable":true,"href":"https:\/\/griera.es\/fr\/wp-json\/wp\/v2\/product_cat?post=13654"},{"taxonomy":"product_tag","embeddable":true,"href":"https:\/\/griera.es\/fr\/wp-json\/wp\/v2\/product_tag?post=13654"}],"curies":[{"name":"wp","href":"https:\/\/api.w.org\/{rel}","templated":true}]}}